{"id":93,"date":"2025-07-28T20:35:09","date_gmt":"2025-07-28T20:35:09","guid":{"rendered":"http:\/\/octopusea.fr\/?page_id=93"},"modified":"2025-07-28T21:06:35","modified_gmt":"2025-07-28T21:06:35","slug":"services","status":"publish","type":"page","link":"https:\/\/octopusea.fr\/?page_id=93","title":{"rendered":"Services"},"content":{"rendered":"\n<h2 class=\"wp-block-heading\">Services<\/h2>\n\n\n\n<p>Nettoyage de coque de bateau par drone sous-marin<\/p>\n\n\n\n<div class=\"wp-block-columns is-layout-flex wp-container-core-columns-is-layout-28f84493 wp-block-columns-is-layout-flex\">\n<div class=\"wp-block-column is-layout-flow wp-block-column-is-layout-flow\" style=\"flex-basis:66.66%\">\n<p>Faites appel \u00e0 une toute nouvelle technologie \u00e9cologique pour entretenir votre coque de bateau. Gr\u00e2ce au drone sous-marin de derni\u00e8re g\u00e9n\u00e9ration plus besoin de sortir votre bateau pour nettoyer votre car\u00e8ne. \u00c9quip\u00e9 de brosses caoutchouc et de rotors nylon de diff\u00e9rentes longueurs, le drone supprime la premi\u00e8re couche d&rsquo;algues et emp\u00eache la formation des bernacles m\u00eame apr\u00e8s 8 \u00e0 10 mois au port. Les d\u00e9chets sont r\u00e9cup\u00e9r\u00e9s dans un sac filtrant. Le nettoyage assure 90% de la surface immerg\u00e9e et permet de faire perdurer l\u2019antifouling.<\/p>\n\n\n\n<p>Notre solution a obtenu le Certificat Europ\u00e9en de Conformit\u00e9 Environnemental CERT-4\/2014 ELM concernant l\u2019inspection et le nettoyage des antifoulings pr\u00e9sents sur les coques de bateaux.<br>En maintenant une coque propre, ce drone r\u00e9duit la consommation de carburant et les \u00e9missions de CO2, contribuant ainsi \u00e0 des pratiques maritimes plus \u00e9cologiques et \u00e9conomiques.<\/p>\n<\/div>\n\n\n\n<div class=\"wp-block-column is-layout-flow wp-block-column-is-layout-flow\" style=\"flex-basis:33.33%\">\n<figure class=\"wp-block-image size-large\"><img loading=\"lazy\" decoding=\"async\" width=\"1024\" height=\"608\" src=\"http:\/\/octopusea.fr\/wp-content\/uploads\/2025\/07\/Keelcrab-1-1-1024x608.webp\" alt=\"\" class=\"wp-image-94\" srcset=\"https:\/\/octopusea.fr\/wp-content\/uploads\/2025\/07\/Keelcrab-1-1-1024x608.webp 1024w, https:\/\/octopusea.fr\/wp-content\/uploads\/2025\/07\/Keelcrab-1-1-300x178.webp 300w, https:\/\/octopusea.fr\/wp-content\/uploads\/2025\/07\/Keelcrab-1-1-768x456.webp 768w, https:\/\/octopusea.fr\/wp-content\/uploads\/2025\/07\/Keelcrab-1-1.webp 1200w\" sizes=\"auto, (max-width: 1024px) 100vw, 1024px\" \/><\/figure>\n<\/div>\n<\/div>\n\n\n\n<figure class=\"wp-block-table\"><table class=\"has-fixed-layout\"><thead><tr><th>Economique<\/th><th>Ecologique<\/th><th>Rapide<\/th><\/tr><\/thead><tbody><tr><td>Un entretien r\u00e9gulier de la coque r\u00e9duit les co\u00fbts de carburant, pr\u00e9vient les r\u00e9parations co\u00fbteuses et maintient la valeur de votre bateau, g\u00e9n\u00e9rant ainsi des \u00e9conomies significatives.<br><\/td><td><br>\u00c9cologique<br>Le nettoyage r\u00e9gulier de votre coque pr\u00e9serve l&rsquo;\u00e9cosyst\u00e8me marin en r\u00e9duisant l&rsquo;utilisation de produits chimiques nocifs et en optimisant la consommation de carburant, tout en contribuant \u00e0 la protection de nos oc\u00e9ans.<\/td><td>Gr\u00e2ce \u00e0 notre technologie de drones sous-marins, le nettoyage de votre coque est r\u00e9alis\u00e9 en quelques heures, minimisant ainsi votre temps d&rsquo;immobilisation et vous permettant de reprendre rapidement la mer.<\/td><\/tr><\/tbody><\/table><\/figure>\n\n\n\n<figure class=\"wp-block-embed is-type-video is-provider-youtube wp-block-embed-youtube wp-embed-aspect-16-9 wp-has-aspect-ratio\"><div class=\"wp-block-embed__wrapper\">\n<iframe loading=\"lazy\" title=\"THE KEELCRAB | Best hull cleaning maintenance\" width=\"500\" height=\"281\" src=\"https:\/\/www.youtube.com\/embed\/4DRgeDxJmjI?feature=oembed\" frameborder=\"0\" allow=\"accelerometer; autoplay; clipboard-write; encrypted-media; gyroscope; picture-in-picture; web-share\" referrerpolicy=\"strict-origin-when-cross-origin\" allowfullscreen><\/iframe>\n<\/div><\/figure>\n","protected":false},"excerpt":{"rendered":"<p>Services Nettoyage de coque de bateau par drone sous-marin Faites appel \u00e0 une toute nouvelle technologie \u00e9cologique pour entretenir votre coque de bateau. Gr\u00e2ce au drone sous-marin de derni\u00e8re g\u00e9n\u00e9ration plus besoin de sortir votre bateau pour nettoyer votre car\u00e8ne. \u00c9quip\u00e9 de brosses caoutchouc et de rotors nylon de diff\u00e9rentes longueurs, le drone supprime la [&hellip;]<\/p>\n","protected":false},"author":1,"featured_media":0,"parent":0,"menu_order":0,"comment_status":"closed","ping_status":"closed","template":"page-no-title","meta":{"footnotes":""},"class_list":["post-93","page","type-page","status-publish","hentry"],"_links":{"self":[{"href":"https:\/\/octopusea.fr\/index.php?rest_route=\/wp\/v2\/pages\/93","targetHints":{"allow":["GET"]}}],"collection":[{"href":"https:\/\/octopusea.fr\/index.php?rest_route=\/wp\/v2\/pages"}],"about":[{"href":"https:\/\/octopusea.fr\/index.php?rest_route=\/wp\/v2\/types\/page"}],"author":[{"embeddable":true,"href":"https:\/\/octopusea.fr\/index.php?rest_route=\/wp\/v2\/users\/1"}],"replies":[{"embeddable":true,"href":"https:\/\/octopusea.fr\/index.php?rest_route=%2Fwp%2Fv2%2Fcomments&post=93"}],"version-history":[{"count":2,"href":"https:\/\/octopusea.fr\/index.php?rest_route=\/wp\/v2\/pages\/93\/revisions"}],"predecessor-version":[{"id":105,"href":"https:\/\/octopusea.fr\/index.php?rest_route=\/wp\/v2\/pages\/93\/revisions\/105"}],"wp:attachment":[{"href":"https:\/\/octopusea.fr\/index.php?rest_route=%2Fwp%2Fv2%2Fmedia&parent=93"}],"curies":[{"name":"wp","href":"https:\/\/api.w.org\/{rel}","templated":true}]}}