{"id":86,"date":"2025-07-28T20:15:48","date_gmt":"2025-07-28T20:15:48","guid":{"rendered":"http:\/\/octopusea.fr\/?page_id=86"},"modified":"2025-09-11T14:32:44","modified_gmt":"2025-09-11T14:32:44","slug":"tarifs","status":"publish","type":"page","link":"https:\/\/octopusea.fr\/?page_id=86","title":{"rendered":"Tarifs"},"content":{"rendered":"\n<h2 class=\"wp-block-heading\">Tarifs<\/h2>\n\n\n\n<p>Les tarifs sont \u00e0 titre indicatifs, contactez nous pour un devis personnalis\u00e9.<\/p>\n\n\n\n<p><strong>Le lavage consiste \u00e0 la suppression du biofilm et des micro-algues<\/strong>. Nous faisons une premiere inspection vid\u00e9o de l&rsquo;\u00e9tat de la coque avant pour proposer le bon traitement de nettoyage.<\/p>\n\n\n\n<div class=\"wp-block-columns is-layout-flex wp-container-core-columns-is-layout-28f84493 wp-block-columns-is-layout-flex\">\n<div class=\"wp-block-column is-layout-flow wp-block-column-is-layout-flow\" style=\"flex-basis:100%\">\n<figure class=\"wp-block-table\"><table class=\"has-fixed-layout\"><thead><tr><th>Service lavage et inspection vid\u00e9o<\/th><th>Tarif au m\u00e8tre (jusque 13 m\u00e8tres)*<\/th><th>Exemple prix pour bateau de 12m<\/th><\/tr><\/thead><tbody><tr><td><\/td><td><\/td><td><\/td><\/tr><tr><td>Lavage unique<\/td><td>18 \u20ac \/m<\/td><td>216 \u20ac<\/td><\/tr><tr><td>Forfait Annuel 4 lavages<\/td><td>12 \u20ac \/m<\/td><td>576 \u20ac \/an<\/td><\/tr><tr><td>Forfait Annuel 6 lavages<\/td><td>10 \u20ac \/ m<\/td><td>720 \u20ac \/an<\/td><\/tr><\/tbody><\/table><\/figure>\n<\/div>\n<\/div>\n\n\n\n<p>* au del\u00e0 de 13 m\u00e8tres, nous contacter pour un devis personnalis\u00e9<\/p>\n\n\n\n<p><\/p>\n","protected":false},"excerpt":{"rendered":"<p>Tarifs Les tarifs sont \u00e0 titre indicatifs, contactez nous pour un devis personnalis\u00e9. Le lavage consiste \u00e0 la suppression du biofilm et des micro-algues. Nous faisons une premiere inspection vid\u00e9o de l&rsquo;\u00e9tat de la coque avant pour proposer le bon traitement de nettoyage. Service lavage et inspection vid\u00e9o Tarif au m\u00e8tre (jusque 13 m\u00e8tres)* Exemple [&hellip;]<\/p>\n","protected":false},"author":1,"featured_media":0,"parent":0,"menu_order":0,"comment_status":"closed","ping_status":"closed","template":"page-no-title","meta":{"footnotes":""},"class_list":["post-86","page","type-page","status-publish","hentry"],"_links":{"self":[{"href":"https:\/\/octopusea.fr\/index.php?rest_route=\/wp\/v2\/pages\/86","targetHints":{"allow":["GET"]}}],"collection":[{"href":"https:\/\/octopusea.fr\/index.php?rest_route=\/wp\/v2\/pages"}],"about":[{"href":"https:\/\/octopusea.fr\/index.php?rest_route=\/wp\/v2\/types\/page"}],"author":[{"embeddable":true,"href":"https:\/\/octopusea.fr\/index.php?rest_route=\/wp\/v2\/users\/1"}],"replies":[{"embeddable":true,"href":"https:\/\/octopusea.fr\/index.php?rest_route=%2Fwp%2Fv2%2Fcomments&post=86"}],"version-history":[{"count":15,"href":"https:\/\/octopusea.fr\/index.php?rest_route=\/wp\/v2\/pages\/86\/revisions"}],"predecessor-version":[{"id":152,"href":"https:\/\/octopusea.fr\/index.php?rest_route=\/wp\/v2\/pages\/86\/revisions\/152"}],"wp:attachment":[{"href":"https:\/\/octopusea.fr\/index.php?rest_route=%2Fwp%2Fv2%2Fmedia&parent=86"}],"curies":[{"name":"wp","href":"https:\/\/api.w.org\/{rel}","templated":true}]}}