{"id":7,"date":"2025-07-15T07:24:05","date_gmt":"2025-07-15T07:24:05","guid":{"rendered":"http:\/\/octopusea.fr\/?page_id=7"},"modified":"2025-08-05T09:25:04","modified_gmt":"2025-08-05T09:25:04","slug":"octopusea","status":"publish","type":"page","link":"https:\/\/octopusea.fr\/","title":{"rendered":"OctopuSea"},"content":{"rendered":"\n<h2 class=\"wp-block-heading\">A Propos<\/h2>\n\n\n\n<div class=\"wp-block-columns is-layout-flex wp-container-core-columns-is-layout-28f84493 wp-block-columns-is-layout-flex\">\n<div class=\"wp-block-column is-layout-flow wp-block-column-is-layout-flow\" style=\"flex-basis:66.66%\">\n<p><strong>OctopuSea <\/strong>est une soci\u00e9t\u00e9 innovante sp\u00e9cialis\u00e9e dans le nettoyage de coques de bateaux \u00e9cologique.<\/p>\n\n\n\n<p>Nous avons int\u00e9gr\u00e9 une solution de nettoyage par drone sous-marin (Keelcrabe Pro), fruit de l\u2019ing\u00e9nierie nautique italienne.<br>Cette technologie r\u00e9pond aux besoins croissants des plaisanciers souhaitant optimiser leur exp\u00e9rience de navigation en \u00e9liminant les contraintes d\u2019un entretien annuel traditionnel. Gr\u00e2ce \u00e0 notre m\u00e9thode, vos embarcations b\u00e9n\u00e9ficient d\u2019un nettoyage efficace et \u00e9cologique, vous permettant ainsi de profiter pleinement de vos sorties en mer.<\/p>\n\n\n\n<p>Nous vous proposons un service d\u2019entretien de coque r\u00e9gulier qui permet d\u2019optimiser la glisse de votre bateau.<\/p>\n\n\n\n<ul class=\"wp-block-list\">\n<li>Nous nous d\u00e9pla\u00e7ons pour tout type et toute taille de bateau<\/li>\n\n\n\n<li>Motor Yacht: R\u00e9duction de 20 \u2013 30% de la consommation de carburant, moins d\u2019\u00e9mission de CO2<\/li>\n\n\n\n<li>Voilier: Gain de vitesse \u00e0 la voile et au moteur<\/li>\n\n\n\n<li>Pas de manutention, pr\u00e9servez votre antifouling, car\u00e9nez moins souvent<\/li>\n\n\n\n<li>Lavage de la coque \u00e0 flot avec inspection et enregistrement vid\u00e9o<\/li>\n\n\n\n<li>Lavage par robot sans utilisation d\u2019eau<\/li>\n<\/ul>\n\n\n\n<p>Le nettoyage assure 90% de la surface immerg\u00e9e et permet de faire perdurer l\u2019antifouling.<\/p>\n\n\n\n<p><strong>Notre solution a obtenu par l\u2019ANCCP, le Certificat Europ\u00e9en de Conformit\u00e9 Environnemental CERT-4\/2014 ELM concernant l\u2019inspection et le nettoyage des antifoulings pr\u00e9sents sur les coques de p\u00e9niches et bateaux.<\/strong><\/p>\n\n\n\n<p>Le KeelCrab Pro est \u00e9quip\u00e9 d\u2019un filtre de 180 microns qui retient efficacement les d\u00e9chets, \u00e9vitant tout rejet dans l\u2019eau. Gr\u00e2ce \u00e0 cette technologie respectueuse des normes portuaires les plus strictes, combin\u00e9e \u00e0 une cam\u00e9ra embarqu\u00e9e pour une inspection pr\u00e9cise, nous garantissons un entretien \u00e9cologique et performant de votre coque.<\/p>\n\n\n\n<div class=\"wp-block-group is-nowrap is-layout-flex wp-container-core-group-is-layout-6c531013 wp-block-group-is-layout-flex\">\n<figure class=\"wp-block-image size-full is-resized\"><a href=\"https:\/\/octopusea.fr\/wp-content\/Certificate-of-Conformity.pdf\"><img loading=\"lazy\" decoding=\"async\" width=\"512\" height=\"512\" src=\"http:\/\/octopusea.fr\/wp-content\/uploads\/2025\/07\/certificate_11265156.png\" alt=\"\" class=\"wp-image-58\" style=\"width:74px;height:auto\" srcset=\"https:\/\/octopusea.fr\/wp-content\/uploads\/2025\/07\/certificate_11265156.png 512w, https:\/\/octopusea.fr\/wp-content\/uploads\/2025\/07\/certificate_11265156-300x300.png 300w, https:\/\/octopusea.fr\/wp-content\/uploads\/2025\/07\/certificate_11265156-150x150.png 150w\" sizes=\"auto, (max-width: 512px) 100vw, 512px\" \/><\/a><\/figure>\n\n\n\n<p><a href=\"https:\/\/octopusea.fr\/wp-content\/Certificate-of-Conformity.pdf\">Consultez notre certificat ANCPP<\/a><\/p>\n<\/div>\n<\/div>\n\n\n\n<div class=\"wp-block-column has-global-padding is-layout-constrained wp-block-column-is-layout-constrained\" style=\"flex-basis:33.33%\">\n<div class=\"wp-block-columns is-layout-flex wp-container-core-columns-is-layout-28f84493 wp-block-columns-is-layout-flex\">\n<div class=\"wp-block-column is-layout-flow wp-block-column-is-layout-flow\">\n<figure class=\"wp-block-image aligncenter size-full is-resized\"><a href=\"https:\/\/keelcrab.com\/\"><img loading=\"lazy\" decoding=\"async\" width=\"322\" height=\"164\" src=\"http:\/\/octopusea.fr\/wp-content\/uploads\/2025\/08\/Screenshot-2025-08-05-at-11.23.59.png\" alt=\"\" class=\"wp-image-133\" style=\"width:163px;height:auto\" srcset=\"https:\/\/octopusea.fr\/wp-content\/uploads\/2025\/08\/Screenshot-2025-08-05-at-11.23.59.png 322w, https:\/\/octopusea.fr\/wp-content\/uploads\/2025\/08\/Screenshot-2025-08-05-at-11.23.59-300x153.png 300w\" sizes=\"auto, (max-width: 322px) 100vw, 322px\" \/><\/a><\/figure>\n\n\n\n<figure class=\"wp-block-image aligncenter size-large\"><img loading=\"lazy\" decoding=\"async\" width=\"1024\" height=\"683\" src=\"http:\/\/octopusea.fr\/wp-content\/uploads\/2025\/07\/Photo1-1024x683.jpg\" alt=\"\" class=\"wp-image-59\" srcset=\"https:\/\/octopusea.fr\/wp-content\/uploads\/2025\/07\/Photo1-1024x683.jpg 1024w, https:\/\/octopusea.fr\/wp-content\/uploads\/2025\/07\/Photo1-300x200.jpg 300w, https:\/\/octopusea.fr\/wp-content\/uploads\/2025\/07\/Photo1-768x512.jpg 768w, https:\/\/octopusea.fr\/wp-content\/uploads\/2025\/07\/Photo1-1536x1024.jpg 1536w, https:\/\/octopusea.fr\/wp-content\/uploads\/2025\/07\/Photo1.jpg 2048w\" sizes=\"auto, (max-width: 1024px) 100vw, 1024px\" \/><\/figure>\n\n\n\n<figure class=\"wp-block-image aligncenter size-large\"><img loading=\"lazy\" decoding=\"async\" width=\"1024\" height=\"683\" src=\"http:\/\/octopusea.fr\/wp-content\/uploads\/2025\/07\/Photo2-1024x683.jpg\" alt=\"\" class=\"wp-image-60\" srcset=\"https:\/\/octopusea.fr\/wp-content\/uploads\/2025\/07\/Photo2-1024x683.jpg 1024w, https:\/\/octopusea.fr\/wp-content\/uploads\/2025\/07\/Photo2-300x200.jpg 300w, https:\/\/octopusea.fr\/wp-content\/uploads\/2025\/07\/Photo2-768x512.jpg 768w, https:\/\/octopusea.fr\/wp-content\/uploads\/2025\/07\/Photo2.jpg 1536w\" sizes=\"auto, (max-width: 1024px) 100vw, 1024px\" \/><\/figure>\n\n\n\n<figure class=\"wp-block-embed aligncenter is-type-video is-provider-youtube wp-block-embed-youtube wp-embed-aspect-16-9 wp-has-aspect-ratio\"><div class=\"wp-block-embed__wrapper\">\n<iframe loading=\"lazy\" title=\"HOW TO PREVENT BARNACLES GROWING ON YOUR BOAT - Keelcrab in action with motorized brush disks\" width=\"500\" height=\"281\" src=\"https:\/\/www.youtube.com\/embed\/PwO5jUTyE9Y?feature=oembed\" frameborder=\"0\" allow=\"accelerometer; autoplay; clipboard-write; encrypted-media; gyroscope; picture-in-picture; web-share\" referrerpolicy=\"strict-origin-when-cross-origin\" allowfullscreen><\/iframe>\n<\/div><\/figure>\n<\/div>\n<\/div>\n<\/div>\n<\/div>\n\n\n\n<p><\/p>\n","protected":false},"excerpt":{"rendered":"<p>A Propos OctopuSea est une soci\u00e9t\u00e9 innovante sp\u00e9cialis\u00e9e dans le nettoyage de coques de bateaux \u00e9cologique. Nous avons int\u00e9gr\u00e9 une solution de nettoyage par drone sous-marin (Keelcrabe Pro), fruit de l\u2019ing\u00e9nierie nautique italienne.Cette technologie r\u00e9pond aux besoins croissants des plaisanciers souhaitant optimiser leur exp\u00e9rience de navigation en \u00e9liminant les contraintes d\u2019un entretien annuel traditionnel. Gr\u00e2ce [&hellip;]<\/p>\n","protected":false},"author":1,"featured_media":0,"parent":0,"menu_order":0,"comment_status":"closed","ping_status":"closed","template":"page-no-title","meta":{"footnotes":""},"class_list":["post-7","page","type-page","status-publish","hentry"],"_links":{"self":[{"href":"https:\/\/octopusea.fr\/index.php?rest_route=\/wp\/v2\/pages\/7","targetHints":{"allow":["GET"]}}],"collection":[{"href":"https:\/\/octopusea.fr\/index.php?rest_route=\/wp\/v2\/pages"}],"about":[{"href":"https:\/\/octopusea.fr\/index.php?rest_route=\/wp\/v2\/types\/page"}],"author":[{"embeddable":true,"href":"https:\/\/octopusea.fr\/index.php?rest_route=\/wp\/v2\/users\/1"}],"replies":[{"embeddable":true,"href":"https:\/\/octopusea.fr\/index.php?rest_route=%2Fwp%2Fv2%2Fcomments&post=7"}],"version-history":[{"count":15,"href":"https:\/\/octopusea.fr\/index.php?rest_route=\/wp\/v2\/pages\/7\/revisions"}],"predecessor-version":[{"id":134,"href":"https:\/\/octopusea.fr\/index.php?rest_route=\/wp\/v2\/pages\/7\/revisions\/134"}],"wp:attachment":[{"href":"https:\/\/octopusea.fr\/index.php?rest_route=%2Fwp%2Fv2%2Fmedia&parent=7"}],"curies":[{"name":"wp","href":"https:\/\/api.w.org\/{rel}","templated":true}]}}